{"id":371,"date":"2021-11-17T11:07:54","date_gmt":"2021-11-17T11:07:54","guid":{"rendered":"https:\/\/lilianexpress.ro\/grecia\/?page_id=371"},"modified":"2025-10-26T15:58:31","modified_gmt":"2025-10-26T15:58:31","slug":"agentii-grecia","status":"publish","type":"page","link":"https:\/\/lilianexpress.ro\/grecia\/agentii-grecia\/","title":{"rendered":"Agentii Grecia"},"content":{"rendered":"<div dir=\"auto\" style=\"text-align: center;\">Dragi Pasageri,<\/div>\n<div dir=\"auto\">\n<div dir=\"auto\" style=\"text-align: center;\"><span class=\"pq6dq46d tbxw36s4 knj5qynh kvgmc6g5 ditlmg2l oygrvhab nvdbi5me sf5mxxl7 gl3lb2sf hhz5lgdu\"><img loading=\"lazy\" decoding=\"async\" src=\"https:\/\/static.xx.fbcdn.net\/images\/emoji.php\/v9\/tce\/1.5\/16\/1f1ec_1f1f7.png\" alt=\"\ud83c\uddec\ud83c\uddf7\" width=\"16\" height=\"16\" \/><\/span>\u00a0C\u0103l\u0103tori\u021bi f\u0103r\u0103 griji cu Lilian Express, asigur\u0103m condi\u021bii deosebite de transport, siguran\u021b\u0103 \u0219i \u00eencredere!<\/div>\n<div dir=\"auto\" style=\"text-align: center;\"><a href=\"https:\/\/lilianexpress.ro\/grecia\/rezerva-bilete\/\">Rezerv\u0103-\u021bi acum locul c\u0103tre Grecia\u00a0\u0219i beneficiaz\u0103 de un super pre\u021b!<\/a><\/div>\n<div dir=\"auto\" style=\"text-align: center;\">V\u0103 a\u0219teptam cu drag \u00een agentiile noastre!<\/div>\n<\/div>\n<div dir=\"auto\" style=\"text-align: center;\"><a href=\"https:\/\/lilianexpress.ro\/grecia\/wp-content\/uploads\/2025\/10\/PLIANT-ADRESE-LILIANEXPRESS.jpg\"><em>DOWNLOAD Pliant adrese <\/em><\/a><em><a href=\"https:\/\/lilianexpress.ro\/grecia\/wp-content\/uploads\/2025\/10\/PLIANT-ADRESE-LILIANEXPRESS.jpg\">LilianExpress<\/a> <\/em><\/div>\n<div dir=\"auto\" style=\"text-align: center;\">\n<p><a href=\"https:\/\/lilianexpress.ro\/grecia\/wp-content\/uploads\/2025\/10\/PLIANT-ADRESE-LILIANEXPRESS.jpg\"><em><span class=\"Y2IQFc\" lang=\"el\">\u039b\u0397\u03a8\u0397 \u03c6\u03c5\u03bb\u03bb\u03b1\u03b4\u03af\u03bf\u03c5 \u03b4\u03b9\u03b5\u03cd\u03b8\u03c5\u03bd\u03c3\u03b7\u03c2 LilianExpress<\/span><\/em><\/a><\/p>\n<pre id=\"tw-target-text\" class=\"tw-data-text tw-text-large tw-ta\" dir=\"ltr\" tabindex=\"-1\" role=\"text\" data-placeholder=\"Translation\" data-ved=\"2ahUKEwih2c38mMKQAxUe3AIHHddtEm4Q3ewLegQIERAW\" aria-label=\"Translated text: \u039b\u0397\u03a8\u0397 \u03c6\u03c5\u03bb\u03bb\u03b1\u03b4\u03af\u03bf\u03c5 \u03b4\u03b9\u03b5\u03cd\u03b8\u03c5\u03bd\u03c3\u03b7\u03c2 LilianExpress\"><\/pre>\n<\/div>\n<div dir=\"auto\">\n<div dir=\"auto\" style=\"text-align: center;\">\n<table>\n<tbody>\n<tr>\n<td width=\"312\"><img loading=\"lazy\" decoding=\"async\" class=\"alignnone wp-image-373 size-full\" src=\"https:\/\/lilianexpress.ro\/grecia\/wp-content\/uploads\/2021\/11\/atn1-1.jpg\" alt=\"\" width=\"538\" height=\"331\" srcset=\"https:\/\/lilianexpress.ro\/grecia\/wp-content\/uploads\/2021\/11\/atn1-1.jpg 538w, https:\/\/lilianexpress.ro\/grecia\/wp-content\/uploads\/2021\/11\/atn1-1-300x185.jpg 300w\" sizes=\"auto, (max-width: 538px) 100vw, 538px\" \/><\/td>\n<td width=\"312\"><a href=\"https:\/\/www.google.com\/maps?ll=37.992406,23.726815&amp;z=16&amp;t=m&amp;hl=en-US&amp;gl=FR&amp;mapclient=embed&amp;q=Acharnon+57+Athina+104+40+Greece\"><img loading=\"lazy\" decoding=\"async\" class=\"alignnone wp-image-367 size-full\" src=\"https:\/\/lilianexpress.ro\/grecia\/wp-content\/uploads\/2021\/11\/atn11.jpg\" alt=\"\" width=\"538\" height=\"331\" srcset=\"https:\/\/lilianexpress.ro\/grecia\/wp-content\/uploads\/2021\/11\/atn11.jpg 538w, https:\/\/lilianexpress.ro\/grecia\/wp-content\/uploads\/2021\/11\/atn11-300x185.jpg 300w\" sizes=\"auto, (max-width: 538px) 100vw, 538px\" \/><\/a><\/td>\n<\/tr>\n<tr>\n<td width=\"312\"><a href=\"https:\/\/www.google.com\/maps?ll=37.025959,22.102016&amp;z=16&amp;t=m&amp;hl=en-US&amp;gl=GR&amp;mapclient=embed&amp;q=Evaggelistrias+50+Kalamata+241+00\"><img loading=\"lazy\" decoding=\"async\" class=\"alignnone wp-image-379 size-full\" src=\"https:\/\/lilianexpress.ro\/grecia\/wp-content\/uploads\/2021\/11\/kal11.jpg\" alt=\"\" width=\"538\" height=\"331\" srcset=\"https:\/\/lilianexpress.ro\/grecia\/wp-content\/uploads\/2021\/11\/kal11.jpg 538w, https:\/\/lilianexpress.ro\/grecia\/wp-content\/uploads\/2021\/11\/kal11-300x185.jpg 300w\" sizes=\"auto, (max-width: 538px) 100vw, 538px\" \/><\/a><\/td>\n<td width=\"312\"><img loading=\"lazy\" decoding=\"async\" class=\"alignnone wp-image-380 size-full\" src=\"https:\/\/lilianexpress.ro\/grecia\/wp-content\/uploads\/2021\/11\/kal1.jpg\" alt=\"\" width=\"538\" height=\"331\" srcset=\"https:\/\/lilianexpress.ro\/grecia\/wp-content\/uploads\/2021\/11\/kal1.jpg 538w, https:\/\/lilianexpress.ro\/grecia\/wp-content\/uploads\/2021\/11\/kal1-300x185.jpg 300w\" sizes=\"auto, (max-width: 538px) 100vw, 538px\" \/><\/td>\n<\/tr>\n<tr>\n<td width=\"312\"><img loading=\"lazy\" decoding=\"async\" class=\"alignnone wp-image-381 size-full\" src=\"https:\/\/lilianexpress.ro\/grecia\/wp-content\/uploads\/2021\/11\/pat1.jpg\" alt=\"\" width=\"538\" height=\"331\" srcset=\"https:\/\/lilianexpress.ro\/grecia\/wp-content\/uploads\/2021\/11\/pat1.jpg 538w, https:\/\/lilianexpress.ro\/grecia\/wp-content\/uploads\/2021\/11\/pat1-300x185.jpg 300w\" sizes=\"auto, (max-width: 538px) 100vw, 538px\" \/><\/td>\n<td width=\"312\"><a href=\"https:\/\/www.google.com\/maps\/place\/Lilian+Express+Travel\/@38.228051,21.743796,16z\/data=!4m5!3m4!1s0x0:0xa4f2891346e724b7!8m2!3d38.2280506!4d21.7437956?hl=en-US\"><img loading=\"lazy\" decoding=\"async\" class=\"alignnone wp-image-382 size-full\" src=\"https:\/\/lilianexpress.ro\/grecia\/wp-content\/uploads\/2021\/11\/pat11.jpg\" alt=\"\" width=\"538\" height=\"331\" srcset=\"https:\/\/lilianexpress.ro\/grecia\/wp-content\/uploads\/2021\/11\/pat11.jpg 538w, https:\/\/lilianexpress.ro\/grecia\/wp-content\/uploads\/2021\/11\/pat11-300x185.jpg 300w\" sizes=\"auto, (max-width: 538px) 100vw, 538px\" \/><\/a><\/td>\n<\/tr>\n<tr>\n<td width=\"312\"><a href=\"https:\/\/www.google.com\/maps?ll=37.949469,23.636835&amp;z=16&amp;t=m&amp;hl=en-US&amp;gl=GR&amp;mapclient=embed&amp;q=Akti+Kondili+52+Pireas+185+45\"><img loading=\"lazy\" decoding=\"async\" class=\"alignnone wp-image-384 size-full\" src=\"https:\/\/lilianexpress.ro\/grecia\/wp-content\/uploads\/2021\/11\/pir11.jpg\" alt=\"\" width=\"538\" height=\"331\" srcset=\"https:\/\/lilianexpress.ro\/grecia\/wp-content\/uploads\/2021\/11\/pir11.jpg 538w, https:\/\/lilianexpress.ro\/grecia\/wp-content\/uploads\/2021\/11\/pir11-300x185.jpg 300w\" sizes=\"auto, (max-width: 538px) 100vw, 538px\" \/><\/a><\/td>\n<td width=\"312\"><img loading=\"lazy\" decoding=\"async\" class=\"alignnone wp-image-385 size-full\" src=\"https:\/\/lilianexpress.ro\/grecia\/wp-content\/uploads\/2021\/11\/pir1.jpg\" alt=\"\" width=\"538\" height=\"331\" srcset=\"https:\/\/lilianexpress.ro\/grecia\/wp-content\/uploads\/2021\/11\/pir1.jpg 538w, https:\/\/lilianexpress.ro\/grecia\/wp-content\/uploads\/2021\/11\/pir1-300x185.jpg 300w\" sizes=\"auto, (max-width: 538px) 100vw, 538px\" \/><\/td>\n<\/tr>\n<tr>\n<td width=\"312\"><img loading=\"lazy\" decoding=\"async\" class=\"alignnone wp-image-386 size-full\" src=\"https:\/\/lilianexpress.ro\/grecia\/wp-content\/uploads\/2021\/11\/sal1.jpg\" alt=\"\" width=\"538\" height=\"331\" srcset=\"https:\/\/lilianexpress.ro\/grecia\/wp-content\/uploads\/2021\/11\/sal1.jpg 538w, https:\/\/lilianexpress.ro\/grecia\/wp-content\/uploads\/2021\/11\/sal1-300x185.jpg 300w\" sizes=\"auto, (max-width: 538px) 100vw, 538px\" \/><\/td>\n<td width=\"312\"><a href=\"https:\/\/www.google.com\/maps?ll=40.640019,22.932935&amp;z=16&amp;t=m&amp;hl=en-US&amp;gl=FR&amp;mapclient=embed&amp;cid=17740752142022261152\"><img loading=\"lazy\" decoding=\"async\" class=\"alignnone wp-image-390 size-full\" src=\"https:\/\/lilianexpress.ro\/grecia\/wp-content\/uploads\/2021\/11\/sal11.jpg\" alt=\"\" width=\"538\" height=\"331\" srcset=\"https:\/\/lilianexpress.ro\/grecia\/wp-content\/uploads\/2021\/11\/sal11.jpg 538w, https:\/\/lilianexpress.ro\/grecia\/wp-content\/uploads\/2021\/11\/sal11-300x185.jpg 300w\" sizes=\"auto, (max-width: 538px) 100vw, 538px\" \/><\/a><\/td>\n<\/tr>\n<tr>\n<td width=\"312\"><a href=\"https:\/\/www.google.com\/maps?ll=36.849854,22.66347&amp;z=16&amp;t=m&amp;hl=en-US&amp;gl=GR&amp;mapclient=embed&amp;q=5is+Maiou+15+Skala+230+51\"><img loading=\"lazy\" decoding=\"async\" class=\"alignnone size-full wp-image-391\" src=\"https:\/\/lilianexpress.ro\/grecia\/wp-content\/uploads\/2021\/11\/ska11-1.jpg\" alt=\"\" width=\"538\" height=\"331\" srcset=\"https:\/\/lilianexpress.ro\/grecia\/wp-content\/uploads\/2021\/11\/ska11-1.jpg 538w, https:\/\/lilianexpress.ro\/grecia\/wp-content\/uploads\/2021\/11\/ska11-1-300x185.jpg 300w\" sizes=\"auto, (max-width: 538px) 100vw, 538px\" \/><\/a><\/td>\n<td width=\"312\"><img loading=\"lazy\" decoding=\"async\" class=\"alignnone wp-image-389 size-full\" src=\"https:\/\/lilianexpress.ro\/grecia\/wp-content\/uploads\/2021\/11\/ska1.jpg\" alt=\"\" width=\"538\" height=\"331\" srcset=\"https:\/\/lilianexpress.ro\/grecia\/wp-content\/uploads\/2021\/11\/ska1.jpg 538w, https:\/\/lilianexpress.ro\/grecia\/wp-content\/uploads\/2021\/11\/ska1-300x185.jpg 300w\" sizes=\"auto, (max-width: 538px) 100vw, 538px\" \/><\/td>\n<\/tr>\n<tr>\n<td width=\"312\"><img loading=\"lazy\" decoding=\"async\" class=\"alignnone size-full wp-image-394\" src=\"https:\/\/lilianexpress.ro\/grecia\/wp-content\/uploads\/2021\/11\/lrs1.jpg\" alt=\"\" width=\"538\" height=\"331\" srcset=\"https:\/\/lilianexpress.ro\/grecia\/wp-content\/uploads\/2021\/11\/lrs1.jpg 538w, https:\/\/lilianexpress.ro\/grecia\/wp-content\/uploads\/2021\/11\/lrs1-300x185.jpg 300w\" sizes=\"auto, (max-width: 538px) 100vw, 538px\" \/><\/td>\n<td width=\"312\"><a href=\"https:\/\/www.google.com\/maps?ll=39.627116,22.431731&amp;z=16&amp;t=m&amp;hl=en-US&amp;gl=GR&amp;mapclient=embed&amp;q=Douka+52+Larisa+413+35\"><img loading=\"lazy\" decoding=\"async\" class=\"alignnone size-full wp-image-395\" src=\"https:\/\/lilianexpress.ro\/grecia\/wp-content\/uploads\/2021\/11\/lrs11.jpg\" alt=\"\" width=\"538\" height=\"331\" srcset=\"https:\/\/lilianexpress.ro\/grecia\/wp-content\/uploads\/2021\/11\/lrs11.jpg 538w, https:\/\/lilianexpress.ro\/grecia\/wp-content\/uploads\/2021\/11\/lrs11-300x185.jpg 300w\" sizes=\"auto, (max-width: 538px) 100vw, 538px\" \/><\/a><\/td>\n<\/tr>\n<\/tbody>\n<\/table>\n<\/div>\n<\/div>\n","protected":false},"excerpt":{"rendered":"<p>Dragi Pasageri, \u00a0C\u0103l\u0103tori\u021bi f\u0103r\u0103 griji cu Lilian Express, asigur\u0103m condi\u021bii deosebite de transport, siguran\u021b\u0103 \u0219i \u00eencredere! Rezerv\u0103-\u021bi acum locul c\u0103tre Grecia\u00a0\u0219i beneficiaz\u0103 de un super pre\u021b! V\u0103 a\u0219teptam cu drag \u00een agentiile noastre! DOWNLOAD Pliant adrese LilianExpress \u039b\u0397\u03a8\u0397 \u03c6\u03c5\u03bb\u03bb\u03b1\u03b4\u03af\u03bf\u03c5 \u03b4\u03b9\u03b5\u03cd\u03b8\u03c5\u03bd\u03c3\u03b7\u03c2<\/p>\n","protected":false},"author":1,"featured_media":258,"parent":0,"menu_order":0,"comment_status":"closed","ping_status":"closed","template":"","meta":{"footnotes":""},"class_list":["post-371","page","type-page","status-publish","has-post-thumbnail","hentry"],"_links":{"self":[{"href":"https:\/\/lilianexpress.ro\/grecia\/wp-json\/wp\/v2\/pages\/371","targetHints":{"allow":["GET"]}}],"collection":[{"href":"https:\/\/lilianexpress.ro\/grecia\/wp-json\/wp\/v2\/pages"}],"about":[{"href":"https:\/\/lilianexpress.ro\/grecia\/wp-json\/wp\/v2\/types\/page"}],"author":[{"embeddable":true,"href":"https:\/\/lilianexpress.ro\/grecia\/wp-json\/wp\/v2\/users\/1"}],"replies":[{"embeddable":true,"href":"https:\/\/lilianexpress.ro\/grecia\/wp-json\/wp\/v2\/comments?post=371"}],"version-history":[{"count":16,"href":"https:\/\/lilianexpress.ro\/grecia\/wp-json\/wp\/v2\/pages\/371\/revisions"}],"predecessor-version":[{"id":488,"href":"https:\/\/lilianexpress.ro\/grecia\/wp-json\/wp\/v2\/pages\/371\/revisions\/488"}],"wp:featuredmedia":[{"embeddable":true,"href":"https:\/\/lilianexpress.ro\/grecia\/wp-json\/wp\/v2\/media\/258"}],"wp:attachment":[{"href":"https:\/\/lilianexpress.ro\/grecia\/wp-json\/wp\/v2\/media?parent=371"}],"curies":[{"name":"wp","href":"https:\/\/api.w.org\/{rel}","templated":true}]}}