{"id":165,"date":"2021-09-15T07:16:29","date_gmt":"2021-09-15T07:16:29","guid":{"rendered":"https:\/\/lilianexpress.ro\/grecia\/?page_id=165"},"modified":"2021-11-22T07:19:39","modified_gmt":"2021-11-22T07:19:39","slug":"despre-noi","status":"publish","type":"page","link":"https:\/\/lilianexpress.ro\/grecia\/despre-noi\/","title":{"rendered":"Despre Noi"},"content":{"rendered":"<div dir=\"auto\">Dragi Pasageri,<\/div>\n<div dir=\"auto\">\n<div dir=\"auto\"><span class=\"pq6dq46d tbxw36s4 knj5qynh kvgmc6g5 ditlmg2l oygrvhab nvdbi5me sf5mxxl7 gl3lb2sf hhz5lgdu\"><img loading=\"lazy\" decoding=\"async\" src=\"https:\/\/static.xx.fbcdn.net\/images\/emoji.php\/v9\/tce\/1.5\/16\/1f1ec_1f1f7.png\" alt=\"\ud83c\uddec\ud83c\uddf7\" width=\"16\" height=\"16\" \/><\/span>\u00a0C\u0103l\u0103tori\u021bi f\u0103r\u0103 griji cu Lilian Express, asigur\u0103m condi\u021bii deosebite de transport, siguran\u021b\u0103 \u0219i \u00eencredere!<\/div>\n<div dir=\"auto\"><a href=\"https:\/\/lilianexpress.ro\/grecia\/rezerva-bilete\/\">Rezerv\u0103-\u021bi acum locul c\u0103tre Grecia\u00a0\u0219i beneficiaz\u0103 de un super pre\u021b!<\/a><\/div>\n<div dir=\"auto\">V\u0103 a\u0219teptam cu drag \u00een agentiile noastre!<\/div>\n<div dir=\"auto\">\n<p>&nbsp;<\/p>\n<\/div>\n<\/div>\n<div dir=\"auto\">\n<div id='gallery-1' class='gallery galleryid-165 gallery-columns-3 gallery-size-medium'><figure class='gallery-item'>\n\t\t\t<div class='gallery-icon portrait'>\n\t\t\t\t<a href='https:\/\/lilianexpress.ro\/grecia\/despre-noi\/1572x\/'><img loading=\"lazy\" decoding=\"async\" width=\"220\" height=\"300\" src=\"https:\/\/lilianexpress.ro\/grecia\/wp-content\/uploads\/2021\/09\/157@2x-220x300.jpg\" class=\"attachment-medium size-medium\" alt=\"\" srcset=\"https:\/\/lilianexpress.ro\/grecia\/wp-content\/uploads\/2021\/09\/157@2x-220x300.jpg 220w, https:\/\/lilianexpress.ro\/grecia\/wp-content\/uploads\/2021\/09\/157@2x-750x1024.jpg 750w, https:\/\/lilianexpress.ro\/grecia\/wp-content\/uploads\/2021\/09\/157@2x-768x1049.jpg 768w, https:\/\/lilianexpress.ro\/grecia\/wp-content\/uploads\/2021\/09\/157@2x.jpg 1000w\" sizes=\"auto, (max-width: 220px) 100vw, 220px\" \/><\/a>\n\t\t\t<\/div><\/figure><figure class='gallery-item'>\n\t\t\t<div class='gallery-icon landscape'>\n\t\t\t\t<a href='https:\/\/lilianexpress.ro\/grecia\/despre-noi\/1562x\/'><img loading=\"lazy\" decoding=\"async\" width=\"300\" height=\"217\" src=\"https:\/\/lilianexpress.ro\/grecia\/wp-content\/uploads\/2021\/09\/156@2x-300x217.jpg\" class=\"attachment-medium size-medium\" alt=\"\" srcset=\"https:\/\/lilianexpress.ro\/grecia\/wp-content\/uploads\/2021\/09\/156@2x-300x217.jpg 300w, https:\/\/lilianexpress.ro\/grecia\/wp-content\/uploads\/2021\/09\/156@2x-768x556.jpg 768w, https:\/\/lilianexpress.ro\/grecia\/wp-content\/uploads\/2021\/09\/156@2x.jpg 1000w\" sizes=\"auto, (max-width: 300px) 100vw, 300px\" \/><\/a>\n\t\t\t<\/div><\/figure><figure class='gallery-item'>\n\t\t\t<div class='gallery-icon portrait'>\n\t\t\t\t<a href='https:\/\/lilianexpress.ro\/grecia\/despre-noi\/1512x\/'><img loading=\"lazy\" decoding=\"async\" width=\"212\" height=\"300\" src=\"https:\/\/lilianexpress.ro\/grecia\/wp-content\/uploads\/2021\/09\/151@2x-212x300.jpg\" class=\"attachment-medium size-medium\" alt=\"\" srcset=\"https:\/\/lilianexpress.ro\/grecia\/wp-content\/uploads\/2021\/09\/151@2x-212x300.jpg 212w, https:\/\/lilianexpress.ro\/grecia\/wp-content\/uploads\/2021\/09\/151@2x-723x1024.jpg 723w, https:\/\/lilianexpress.ro\/grecia\/wp-content\/uploads\/2021\/09\/151@2x-768x1087.jpg 768w, https:\/\/lilianexpress.ro\/grecia\/wp-content\/uploads\/2021\/09\/151@2x.jpg 1000w\" sizes=\"auto, (max-width: 212px) 100vw, 212px\" \/><\/a>\n\t\t\t<\/div><\/figure><figure class='gallery-item'>\n\t\t\t<div class='gallery-icon landscape'>\n\t\t\t\t<a href='https:\/\/lilianexpress.ro\/grecia\/despre-noi\/1532x\/'><img loading=\"lazy\" decoding=\"async\" width=\"300\" height=\"227\" src=\"https:\/\/lilianexpress.ro\/grecia\/wp-content\/uploads\/2021\/09\/153@2x-300x227.jpg\" class=\"attachment-medium size-medium\" alt=\"\" srcset=\"https:\/\/lilianexpress.ro\/grecia\/wp-content\/uploads\/2021\/09\/153@2x-300x227.jpg 300w, https:\/\/lilianexpress.ro\/grecia\/wp-content\/uploads\/2021\/09\/153@2x-768x581.jpg 768w, https:\/\/lilianexpress.ro\/grecia\/wp-content\/uploads\/2021\/09\/153@2x.jpg 1000w\" sizes=\"auto, (max-width: 300px) 100vw, 300px\" \/><\/a>\n\t\t\t<\/div><\/figure><figure class='gallery-item'>\n\t\t\t<div class='gallery-icon landscape'>\n\t\t\t\t<a href='https:\/\/lilianexpress.ro\/grecia\/despre-noi\/1522x\/'><img loading=\"lazy\" decoding=\"async\" width=\"300\" height=\"215\" src=\"https:\/\/lilianexpress.ro\/grecia\/wp-content\/uploads\/2021\/09\/152@2x-300x215.jpg\" class=\"attachment-medium size-medium\" alt=\"\" srcset=\"https:\/\/lilianexpress.ro\/grecia\/wp-content\/uploads\/2021\/09\/152@2x-300x215.jpg 300w, https:\/\/lilianexpress.ro\/grecia\/wp-content\/uploads\/2021\/09\/152@2x-768x551.jpg 768w, https:\/\/lilianexpress.ro\/grecia\/wp-content\/uploads\/2021\/09\/152@2x.jpg 1000w\" sizes=\"auto, (max-width: 300px) 100vw, 300px\" \/><\/a>\n\t\t\t<\/div><\/figure><figure class='gallery-item'>\n\t\t\t<div class='gallery-icon portrait'>\n\t\t\t\t<a href='https:\/\/lilianexpress.ro\/grecia\/despre-noi\/1552x\/'><img loading=\"lazy\" decoding=\"async\" width=\"224\" height=\"300\" src=\"https:\/\/lilianexpress.ro\/grecia\/wp-content\/uploads\/2021\/09\/155@2x-224x300.jpg\" class=\"attachment-medium size-medium\" alt=\"\" srcset=\"https:\/\/lilianexpress.ro\/grecia\/wp-content\/uploads\/2021\/09\/155@2x-224x300.jpg 224w, https:\/\/lilianexpress.ro\/grecia\/wp-content\/uploads\/2021\/09\/155@2x-764x1024.jpg 764w, https:\/\/lilianexpress.ro\/grecia\/wp-content\/uploads\/2021\/09\/155@2x-768x1029.jpg 768w, https:\/\/lilianexpress.ro\/grecia\/wp-content\/uploads\/2021\/09\/155@2x.jpg 1000w\" sizes=\"auto, (max-width: 224px) 100vw, 224px\" \/><\/a>\n\t\t\t<\/div><\/figure><figure class='gallery-item'>\n\t\t\t<div class='gallery-icon portrait'>\n\t\t\t\t<a href='https:\/\/lilianexpress.ro\/grecia\/despre-noi\/1492x\/'><img loading=\"lazy\" decoding=\"async\" width=\"216\" height=\"300\" src=\"https:\/\/lilianexpress.ro\/grecia\/wp-content\/uploads\/2021\/09\/149@2x-216x300.jpg\" class=\"attachment-medium size-medium\" alt=\"\" srcset=\"https:\/\/lilianexpress.ro\/grecia\/wp-content\/uploads\/2021\/09\/149@2x-216x300.jpg 216w, https:\/\/lilianexpress.ro\/grecia\/wp-content\/uploads\/2021\/09\/149@2x-739x1024.jpg 739w, https:\/\/lilianexpress.ro\/grecia\/wp-content\/uploads\/2021\/09\/149@2x-768x1064.jpg 768w, https:\/\/lilianexpress.ro\/grecia\/wp-content\/uploads\/2021\/09\/149@2x.jpg 1000w\" sizes=\"auto, (max-width: 216px) 100vw, 216px\" \/><\/a>\n\t\t\t<\/div><\/figure><figure class='gallery-item'>\n\t\t\t<div class='gallery-icon landscape'>\n\t\t\t\t<a href='https:\/\/lilianexpress.ro\/grecia\/despre-noi\/1542x\/'><img loading=\"lazy\" decoding=\"async\" width=\"300\" height=\"226\" src=\"https:\/\/lilianexpress.ro\/grecia\/wp-content\/uploads\/2021\/09\/154@2x-300x226.jpg\" class=\"attachment-medium size-medium\" alt=\"\" srcset=\"https:\/\/lilianexpress.ro\/grecia\/wp-content\/uploads\/2021\/09\/154@2x-300x226.jpg 300w, https:\/\/lilianexpress.ro\/grecia\/wp-content\/uploads\/2021\/09\/154@2x-768x578.jpg 768w, https:\/\/lilianexpress.ro\/grecia\/wp-content\/uploads\/2021\/09\/154@2x.jpg 1000w\" sizes=\"auto, (max-width: 300px) 100vw, 300px\" \/><\/a>\n\t\t\t<\/div><\/figure><figure class='gallery-item'>\n\t\t\t<div class='gallery-icon landscape'>\n\t\t\t\t<a href='https:\/\/lilianexpress.ro\/grecia\/despre-noi\/1502x\/'><img loading=\"lazy\" decoding=\"async\" width=\"300\" height=\"206\" src=\"https:\/\/lilianexpress.ro\/grecia\/wp-content\/uploads\/2021\/09\/150@2x-300x206.jpg\" class=\"attachment-medium size-medium\" alt=\"\" srcset=\"https:\/\/lilianexpress.ro\/grecia\/wp-content\/uploads\/2021\/09\/150@2x-300x206.jpg 300w, https:\/\/lilianexpress.ro\/grecia\/wp-content\/uploads\/2021\/09\/150@2x-768x527.jpg 768w, https:\/\/lilianexpress.ro\/grecia\/wp-content\/uploads\/2021\/09\/150@2x.jpg 1000w\" sizes=\"auto, (max-width: 300px) 100vw, 300px\" \/><\/a>\n\t\t\t<\/div><\/figure>\n\t\t<\/div>\n\n<\/div>\n","protected":false},"excerpt":{"rendered":"<p>Dragi Pasageri, \u00a0C\u0103l\u0103tori\u021bi f\u0103r\u0103 griji cu Lilian Express, asigur\u0103m condi\u021bii deosebite de transport, siguran\u021b\u0103 \u0219i \u00eencredere! Rezerv\u0103-\u021bi acum locul c\u0103tre Grecia\u00a0\u0219i beneficiaz\u0103 de un super pre\u021b! V\u0103 a\u0219teptam cu drag \u00een agentiile noastre! &nbsp;<\/p>\n","protected":false},"author":1,"featured_media":455,"parent":0,"menu_order":0,"comment_status":"closed","ping_status":"closed","template":"","meta":{"footnotes":""},"class_list":["post-165","page","type-page","status-publish","has-post-thumbnail","hentry"],"_links":{"self":[{"href":"https:\/\/lilianexpress.ro\/grecia\/wp-json\/wp\/v2\/pages\/165","targetHints":{"allow":["GET"]}}],"collection":[{"href":"https:\/\/lilianexpress.ro\/grecia\/wp-json\/wp\/v2\/pages"}],"about":[{"href":"https:\/\/lilianexpress.ro\/grecia\/wp-json\/wp\/v2\/types\/page"}],"author":[{"embeddable":true,"href":"https:\/\/lilianexpress.ro\/grecia\/wp-json\/wp\/v2\/users\/1"}],"replies":[{"embeddable":true,"href":"https:\/\/lilianexpress.ro\/grecia\/wp-json\/wp\/v2\/comments?post=165"}],"version-history":[{"count":9,"href":"https:\/\/lilianexpress.ro\/grecia\/wp-json\/wp\/v2\/pages\/165\/revisions"}],"predecessor-version":[{"id":262,"href":"https:\/\/lilianexpress.ro\/grecia\/wp-json\/wp\/v2\/pages\/165\/revisions\/262"}],"wp:featuredmedia":[{"embeddable":true,"href":"https:\/\/lilianexpress.ro\/grecia\/wp-json\/wp\/v2\/media\/455"}],"wp:attachment":[{"href":"https:\/\/lilianexpress.ro\/grecia\/wp-json\/wp\/v2\/media?parent=165"}],"curies":[{"name":"wp","href":"https:\/\/api.w.org\/{rel}","templated":true}]}}